{"id":1143,"date":"2017-06-21T10:33:20","date_gmt":"2017-06-21T10:33:20","guid":{"rendered":"https:\/\/victorthemes.com\/themes\/rodich\/?page_id=1143"},"modified":"2023-06-01T17:41:08","modified_gmt":"2023-06-01T17:41:08","slug":"menu","status":"publish","type":"page","link":"https:\/\/fogo.com.ec\/en\/menu\/","title":{"rendered":"Menu"},"content":{"rendered":"<section class=\"wpb-content-wrapper\"><div class=\"vc_row wpb_row vc_row-fluid rodich-dhav-dotted vc_custom_1685552688301\"><div class=\"wpb_column vc_column_container text-default vc_col-sm-12\"><div class=\"vc_column-inner \"><div class=\"wpb_wrapper\">\n\t\t\t<!-- START Slider 2 REVOLUTION SLIDER 6.6.13 --><p class=\"rs-p-wp-fix\"><\/p>\n\t\t\t<rs-module-wrap id=\"rev_slider_17_1_wrapper\" data-source=\"gallery\" style=\"visibility:hidden;background:transparent;padding:0;margin:0px auto;margin-top:0;margin-bottom:0;\">\n\t\t\t\t<rs-module id=\"rev_slider_17_1\" style=\"\" data-version=\"6.6.13\">\n\t\t\t\t\t<rs-slides style=\"overflow: hidden; position: absolute;\">\n\t\t\t\t\t\t<rs-slide style=\"position: absolute;\" data-key=\"rs-17\" data-title=\"Slide\" data-in=\"o:0;\" data-out=\"a:false;\">\n\t\t\t\t\t\t\t<img decoding=\"async\" src=\"\/\/fogo.com.ec\/wp-content\/plugins\/rev-slider\/public\/assets\/assets\/dummy.png\" alt=\"\" title=\"Fogo-Experience-Picanha\" width=\"2560\" height=\"1707\" class=\"rev-slidebg tp-rs-img rs-lazyload\" data-lazyload=\"\/\/fododechaoedev.wpengine.com\/wp-content\/uploads\/2023\/05\/Fogo-Experience-Picanha-scaled.jpg\" data-no-retina>\n<!--\n\t\t\t\t\t\t\t--><rs-layer\n\t\t\t\t\t\t\t\tid=\"slider-17-slide-17-layer-0\" \n\t\t\t\t\t\t\t\tclass=\"title-1-slider none-es\"\n\t\t\t\t\t\t\t\tdata-type=\"text\"\n\t\t\t\t\t\t\t\tdata-rsp_ch=\"on\"\n\t\t\t\t\t\t\t\tdata-xy=\"xo:567px,237px,43px,26px;y:m;yo:-23px,0,-22px,-13px;\"\n\t\t\t\t\t\t\t\tdata-text=\"s:40,26,33,20;l:50,26,19,11;\"\n\t\t\t\t\t\t\t\tdata-dim=\"w:264px,173px,131px,80px;h:62px,33px,25px,15px;\"\n\t\t\t\t\t\t\t\tdata-frame_999=\"o:0;st:w;\"\n\t\t\t\t\t\t\t\tstyle=\"z-index:9;font-family:'Roboto';\"\n\t\t\t\t\t\t\t>Nuestro men\u00fa\n \n\t\t\t\t\t\t\t<\/rs-layer><!--\n\n\t\t\t\t\t\t\t--><rs-layer\n\t\t\t\t\t\t\t\tid=\"slider-17-slide-17-layer-1\" \n\t\t\t\t\t\t\t\tdata-type=\"image\"\n\t\t\t\t\t\t\t\tdata-rsp_ch=\"on\"\n\t\t\t\t\t\t\t\tdata-xy=\"xo:904px,460px,332px,204px;y:m;yo:-25px,0,-22px,-13px;\"\n\t\t\t\t\t\t\t\tdata-text=\"w:normal;s:20,10,7,4;l:0,13,9,6;\"\n\t\t\t\t\t\t\t\tdata-dim=\"w:12px,17px,12px,7px;h:12px,17px,12px,7px;\"\n\t\t\t\t\t\t\t\tdata-frame_999=\"o:0;st:w;\"\n\t\t\t\t\t\t\t\tstyle=\"z-index:10;\"\n\t\t\t\t\t\t\t><img decoding=\"async\" src=\"\/\/fogo.com.ec\/wp-content\/plugins\/rev-slider\/public\/assets\/assets\/dummy.png\" alt=\"\" class=\"tp-rs-img rs-lazyload\" width=\"9\" height=\"9\" data-lazyload=\"\/\/fododechaoedev.wpengine.com\/wp-content\/uploads\/2023\/05\/emblem_quad.webp\" data-no-retina> \n\t\t\t\t\t\t\t<\/rs-layer><!--\n\n\t\t\t\t\t\t\t--><rs-layer\n\t\t\t\t\t\t\t\tid=\"slider-17-slide-17-layer-2\" \n\t\t\t\t\t\t\t\tdata-type=\"shape\"\n\t\t\t\t\t\t\t\tdata-rsp_ch=\"on\"\n\t\t\t\t\t\t\t\tdata-text=\"w:normal;s:20,10,7,4;l:0,13,9,6;\"\n\t\t\t\t\t\t\t\tdata-dim=\"w:100%;h:100%;\"\n\t\t\t\t\t\t\t\tdata-basealign=\"slide\"\n\t\t\t\t\t\t\t\tdata-frame_999=\"o:0;st:w;\"\n\t\t\t\t\t\t\t\tstyle=\"z-index:5;background-color:rgba(0,0,0,0.5);\"\n\t\t\t\t\t\t\t> \n\t\t\t\t\t\t\t<\/rs-layer><!--\n\n\t\t\t\t\t\t\t--><rs-layer\n\t\t\t\t\t\t\t\tid=\"slider-17-slide-17-layer-3\" \n\t\t\t\t\t\t\t\tclass=\"title-2-slider\"\n\t\t\t\t\t\t\t\tdata-type=\"text\"\n\t\t\t\t\t\t\t\tdata-rsp_ch=\"on\"\n\t\t\t\t\t\t\t\tdata-xy=\"xo:939px,500px,362px,223px;y:m;yo:-22px,0,-22px,-13px;\"\n\t\t\t\t\t\t\t\tdata-text=\"s:40,26,33,20;l:50,26,19,11;\"\n\t\t\t\t\t\t\t\tdata-dim=\"w:518px,332px,252px,155px;h:62px,33px,25px,15px;\"\n\t\t\t\t\t\t\t\tdata-frame_999=\"o:0;st:w;\"\n\t\t\t\t\t\t\t\tstyle=\"z-index:7;font-family:'Roboto';\"\n\t\t\t\t\t\t\t>Una prueba del sur de Brasil \n\t\t\t\t\t\t\t<\/rs-layer><!--\n\n\t\t\t\t\t\t\t--><rs-layer\n\t\t\t\t\t\t\t\tid=\"slider-17-slide-17-layer-4\" \n\t\t\t\t\t\t\t\tclass=\"title-2-slider\"\n\t\t\t\t\t\t\t\tdata-type=\"text\"\n\t\t\t\t\t\t\t\tdata-rsp_ch=\"on\"\n\t\t\t\t\t\t\t\tdata-xy=\"x:c;xo:0,5px,3px,-4px;y:t,m,m,m;yo:348px,52px,39px,32px;\"\n\t\t\t\t\t\t\t\tdata-text=\"w:normal;s:20,26,26,16;l:25,21,22,13;a:center;\"\n\t\t\t\t\t\t\t\tdata-dim=\"w:548px,537px,556px,343px;h:auto,51px,43px,26px;\"\n\t\t\t\t\t\t\t\tdata-frame_0=\"x:0,0px,0px,0px;y:0,0px,0px,0px;\"\n\t\t\t\t\t\t\t\tdata-frame_1=\"x:0,0px,0px,0px;y:0,0px,0px,0px;\"\n\t\t\t\t\t\t\t\tdata-frame_999=\"o:0;st:w;\"\n\t\t\t\t\t\t\t\tstyle=\"z-index:11;font-family:'Roboto';\"\n\t\t\t\t\t\t\t>Para m\u00e1s informaci\u00f3n acerca de las opciones del men\u00fa, selecciona la secci\u00f3n deseada. \n\t\t\t\t\t\t\t<\/rs-layer><!--\n\n\t\t\t\t\t\t\t--><a\n\t\t\t\t\t\t\t\tid=\"slider-17-slide-17-layer-5\" \n\t\t\t\t\t\t\t\tclass=\"rs-layer btn-slider rev-btn\"\n\t\t\t\t\t\t\t\thref=\"https:\/\/fododechaoedev.wpengine.com\/reservation\/\" target=\"_self\"\n\t\t\t\t\t\t\t\tdata-type=\"button\"\n\t\t\t\t\t\t\t\tdata-rsp_ch=\"on\"\n\t\t\t\t\t\t\t\tdata-xy=\"x:c;xo:0,4px,2px,-2px;y:m;yo:134px,138px,128px,112px;\"\n\t\t\t\t\t\t\t\tdata-text=\"w:normal;s:34,36,27,16;l:79,83,63,38;fw:500;a:center;\"\n\t\t\t\t\t\t\t\tdata-dim=\"w:406px,425px,322px,387px;h:78.9931px,81px,61px,39px;minh:0,none,none,none;\"\n\t\t\t\t\t\t\t\tdata-padding=\"r:50,53,40,25;l:50,53,40,25;\"\n\t\t\t\t\t\t\t\tdata-frame_999=\"o:0;st:w;\"\n\t\t\t\t\t\t\t\tdata-frame_hover=\"bgc:#007aff;bor:0px,0px,0px,0px;bri:120%;\"\n\t\t\t\t\t\t\t\tstyle=\"z-index:12;background-color:#007aff;font-family:'Roboto';\"\n\t\t\t\t\t\t\t>Haz tu reserva ya <i class=\"fa fa-caret-right\"><\/i> \n\t\t\t\t\t\t\t<\/a><!--\n\n\t\t\t\t\t\t\t--><rs-layer\n\t\t\t\t\t\t\t\tid=\"slider-17-slide-17-layer-6\" \n\t\t\t\t\t\t\t\tclass=\"title-1-slider none-en\"\n\t\t\t\t\t\t\t\tdata-type=\"text\"\n\t\t\t\t\t\t\t\tdata-rsp_ch=\"on\"\n\t\t\t\t\t\t\t\tdata-xy=\"xo:580px,237px,43px,26px;y:m;yo:-21px,0,-22px,-13px;\"\n\t\t\t\t\t\t\t\tdata-text=\"s:40,26,33,20;l:50,26,19,11;a:right;\"\n\t\t\t\t\t\t\t\tdata-dim=\"w:306px,173px,131px,80px;h:62px,33px,25px,15px;\"\n\t\t\t\t\t\t\t\tdata-frame_999=\"o:0;st:w;\"\n\t\t\t\t\t\t\t\tstyle=\"z-index:8;font-family:'Roboto';\"\n\t\t\t\t\t\t\t>Our Menu \n\t\t\t\t\t\t\t<\/rs-layer><!--\n-->\t\t\t\t\t\t<\/rs-slide>\n\t\t\t\t\t<\/rs-slides>\n\t\t\t\t<\/rs-module>\n\t\t\t\t<script>\n\t\t\t\t\tsetREVStartSize({c: 'rev_slider_17_1',rl:[1240,1024,778,480],el:[650,768,500,500],gw:[1920,1024,778,480],gh:[650,768,500,500],type:'hero',justify:'',layout:'fullwidth',mh:\"0\"});if (window.RS_MODULES!==undefined && window.RS_MODULES.modules!==undefined && window.RS_MODULES.modules[\"revslider171\"]!==undefined) {window.RS_MODULES.modules[\"revslider171\"].once = false;window.revapi17 = undefined;if (window.RS_MODULES.checkMinimal!==undefined) window.RS_MODULES.checkMinimal()}\n\t\t\t\t<\/script>\n\t\t\t<\/rs-module-wrap>\n\t\t\t<!-- END REVOLUTION SLIDER -->\n<\/div><\/div><\/div><\/div><div data-vc-full-width=\"true\" data-vc-full-width-init=\"false\" data-vc-stretch-content=\"true\" class=\"vc_row wpb_row vc_row-fluid rodich-dhav-dotted vc_custom_1685560944900 vc_row-no-padding\"><div class=\"wpb_column vc_column_container text-default vc_col-sm-12\"><div class=\"vc_column-inner \"><div class=\"wpb_wrapper\"><div class=\"grid\"><a href=\"https:\/\/fogo.com.ec\/en\/foodmenu-category\/churrasco-experience\/\" class=\"grid-item col-menu-1\" style=\"background:url(https:\/\/fogo.com.ec\/wp-content\/uploads\/2023\/06\/bg_header_submenu-chicken.jpg);background-size: cover;background-position:center\">\n\t\t\t\t\t\t<div class=\"menu-card-title-wrapper\"><div class=\"menu-card-title\"><p class=\"title-menu\">EXPERIENCIA CHURRASCO<\/p> <p class=\"desc-menu\"><\/p><\/div><\/div>\n\t\t\t\t\t<\/a><a href=\"https:\/\/fogo.com.ec\/en\/foodmenu-category\/market-table\/\" class=\"grid-item col-menu-1\" style=\"background:url(https:\/\/fogo.com.ec\/wp-content\/uploads\/2023\/06\/bg_header_submenu-MarketTable.webp);background-size: cover;background-position:center\">\n\t\t\t\t\t\t<div class=\"menu-card-title-wrapper\"><div class=\"menu-card-title\"><p class=\"title-menu\">MARKET TABLE<\/p> <p class=\"desc-menu\"><\/p><\/div><\/div>\n\t\t\t\t\t<\/a><a href=\"https:\/\/fogo.com.ec\/en\/foodmenu-category\/entrees\/\" class=\"grid-item col-menu-1\" style=\"background:url(https:\/\/fogo.com.ec\/wp-content\/uploads\/2023\/06\/salmon-platos-carta.webp);background-size: cover;background-position:center\">\n\t\t\t\t\t\t<div class=\"menu-card-title-wrapper\"><div class=\"menu-card-title\"><p class=\"title-menu\">PLATOS A LA CARTA<\/p> <p class=\"desc-menu\"><\/p><\/div><\/div>\n\t\t\t\t\t<\/a><a href=\"https:\/\/fogo.com.ec\/en\/foodmenu-category\/south-american-cocktails\/\" class=\"grid-item col-menu-1\" style=\"background:url(https:\/\/fogo.com.ec\/wp-content\/uploads\/2023\/06\/cocteles.webp);background-size: cover;background-position:center\">\n\t\t\t\t\t\t<div class=\"menu-card-title-wrapper\"><div class=\"menu-card-title\"><p class=\"title-menu\">COCTELES SUDAMERICANOS<\/p> <p class=\"desc-menu\"><\/p><\/div><\/div>\n\t\t\t\t\t<\/a><a href=\"https:\/\/fogo.com.ec\/en\/foodmenu-category\/desserts\/\" class=\"grid-item col-menu-1\" style=\"background:url(https:\/\/fogo.com.ec\/wp-content\/uploads\/2023\/06\/AcaiCheesecake_desset_banner.jpg);background-size: cover;background-position:center\">\n\t\t\t\t\t\t<div class=\"menu-card-title-wrapper\"><div class=\"menu-card-title\"><p class=\"title-menu\">Desserts<\/p> <p class=\"desc-menu\"><\/p><\/div><\/div>\n\t\t\t\t\t<\/a><a href=\"https:\/\/fogo.com.ec\/en\/foodmenu-category\/bar-fogo\/\" class=\"grid-item col-menu-1\" style=\"background:url(https:\/\/fogo.com.ec\/wp-content\/uploads\/2023\/06\/Lobster-and-Shrimp-Tacos.jpg);background-size: cover;background-position:center\">\n\t\t\t\t\t\t<div class=\"menu-card-title-wrapper\"><div class=\"menu-card-title\"><p class=\"title-menu\">Bar Fogo<\/p> <p class=\"desc-menu\"><\/p><\/div><\/div>\n\t\t\t\t\t<\/a><a href=\"https:\/\/fogo.com.ec\/en\/foodmenu-category\/wines\/\" class=\"grid-item col-menu-2\" style=\"background:url(https:\/\/fogo.com.ec\/wp-content\/uploads\/2023\/06\/bg_header_submenu-wines.jpg);background-size: cover;background-position:center\">\n\t\t\t\t\t\t<div class=\"menu-card-title-wrapper\"><div class=\"menu-card-title\"><p class=\"title-menu\">VINOS<\/p> <p class=\"desc-menu\"><\/p><\/div><\/div>\n\t\t\t\t\t<\/a><\/div>\n\t<div class=\"wpb_text_column wpb_content_element \" >\n\t\t<div class=\"wpb_wrapper\">\n\t\t\t\n\n\t\t<\/div>\n\t<\/div>\n<\/div><\/div><\/div><\/div><div class=\"vc_row-full-width vc_clearfix\"><\/div>\n<\/section>","protected":false},"excerpt":{"rendered":"Nuestro men\u00fa Una prueba del sur de Brasil Para m\u00e1s informaci\u00f3n acerca de las opciones del men\u00fa, selecciona la secci\u00f3n deseada. Haz tu reserva ya Our Menu EXPERIENCIA CHURRASCO MARKET TABLE PLATOS A LA CARTA COCTELES SUDAMERICANOS Desserts Bar Fogo VINOS","protected":false},"author":1,"featured_media":0,"parent":0,"menu_order":0,"comment_status":"closed","ping_status":"closed","template":"","meta":{"_acf_changed":false,"_monsterinsights_skip_tracking":false,"_monsterinsights_sitenote_active":false,"_monsterinsights_sitenote_note":"","_monsterinsights_sitenote_category":0,"footnotes":""},"class_list":["post-1143","page","type-page","status-publish","hentry"],"acf":[],"yoast_head":"<!-- This site is optimized with the Yoast SEO plugin v27.5 - https:\/\/yoast.com\/product\/yoast-seo-wordpress\/ -->\n<title>Menu - Fogo de Chao<\/title>\n<meta name=\"robots\" content=\"index, follow, max-snippet:-1, max-image-preview:large, max-video-preview:-1\" \/>\n<link rel=\"canonical\" href=\"https:\/\/fogo.com.ec\/en\/menu\/\" \/>\n<meta property=\"og:locale\" content=\"en_US\" \/>\n<meta property=\"og:type\" content=\"article\" \/>\n<meta property=\"og:title\" content=\"Menu - Fogo de Chao\" \/>\n<meta property=\"og:url\" content=\"https:\/\/fogo.com.ec\/en\/menu\/\" \/>\n<meta property=\"og:site_name\" content=\"Fogo de Chao\" \/>\n<meta property=\"article:modified_time\" content=\"2023-06-01T17:41:08+00:00\" \/>\n<meta property=\"og:image\" content=\"https:\/\/fogo.com.ec\/wp-content\/uploads\/2023\/05\/Fogo-de-Chao-Hrz-1C-rev-1.webp\" \/>\n\t<meta property=\"og:image:width\" content=\"1200\" \/>\n\t<meta property=\"og:image:height\" content=\"243\" \/>\n\t<meta property=\"og:image:type\" content=\"image\/webp\" \/>\n<meta name=\"twitter:card\" content=\"summary_large_image\" \/>\n<script type=\"application\/ld+json\" class=\"yoast-schema-graph\">{\"@context\":\"https:\\\/\\\/schema.org\",\"@graph\":[{\"@type\":\"WebPage\",\"@id\":\"https:\\\/\\\/fogo.com.ec\\\/menu\\\/\",\"url\":\"https:\\\/\\\/fogo.com.ec\\\/menu\\\/\",\"name\":\"Menu - Fogo de Chao\",\"isPartOf\":{\"@id\":\"https:\\\/\\\/fogo.com.ec\\\/#website\"},\"datePublished\":\"2017-06-21T10:33:20+00:00\",\"dateModified\":\"2023-06-01T17:41:08+00:00\",\"breadcrumb\":{\"@id\":\"https:\\\/\\\/fogo.com.ec\\\/menu\\\/#breadcrumb\"},\"inLanguage\":\"en-US\",\"potentialAction\":[{\"@type\":\"ReadAction\",\"target\":[\"https:\\\/\\\/fogo.com.ec\\\/menu\\\/\"]}]},{\"@type\":\"BreadcrumbList\",\"@id\":\"https:\\\/\\\/fogo.com.ec\\\/menu\\\/#breadcrumb\",\"itemListElement\":[{\"@type\":\"ListItem\",\"position\":1,\"name\":\"Home\",\"item\":\"https:\\\/\\\/fogo.com.ec\\\/\"},{\"@type\":\"ListItem\",\"position\":2,\"name\":\"Menu\"}]},{\"@type\":\"WebSite\",\"@id\":\"https:\\\/\\\/fogo.com.ec\\\/#website\",\"url\":\"https:\\\/\\\/fogo.com.ec\\\/\",\"name\":\"Fogo de Ch\u00e3o\",\"description\":\"We are chefs born into the centuries-old grilling tradition of churrasco, respecting our ingredients by cooking them slow and exposing their natural flavors.\",\"publisher\":{\"@id\":\"https:\\\/\\\/fogo.com.ec\\\/#organization\"},\"potentialAction\":[{\"@type\":\"SearchAction\",\"target\":{\"@type\":\"EntryPoint\",\"urlTemplate\":\"https:\\\/\\\/fogo.com.ec\\\/?s={search_term_string}\"},\"query-input\":{\"@type\":\"PropertyValueSpecification\",\"valueRequired\":true,\"valueName\":\"search_term_string\"}}],\"inLanguage\":\"en-US\"},{\"@type\":\"Organization\",\"@id\":\"https:\\\/\\\/fogo.com.ec\\\/#organization\",\"name\":\"Fogo de Ch\u00e3o\",\"url\":\"https:\\\/\\\/fogo.com.ec\\\/\",\"logo\":{\"@type\":\"ImageObject\",\"inLanguage\":\"en-US\",\"@id\":\"https:\\\/\\\/fogo.com.ec\\\/#\\\/schema\\\/logo\\\/image\\\/\",\"url\":\"https:\\\/\\\/fogo.com.ec\\\/wp-content\\\/uploads\\\/2023\\\/05\\\/Fogo-de-Chao-Hrz-1C-rev-1.webp\",\"contentUrl\":\"https:\\\/\\\/fogo.com.ec\\\/wp-content\\\/uploads\\\/2023\\\/05\\\/Fogo-de-Chao-Hrz-1C-rev-1.webp\",\"width\":1200,\"height\":243,\"caption\":\"Fogo de Ch\u00e3o\"},\"image\":{\"@id\":\"https:\\\/\\\/fogo.com.ec\\\/#\\\/schema\\\/logo\\\/image\\\/\"}}]}<\/script>\n<!-- \/ Yoast SEO plugin. -->","yoast_head_json":{"title":"Menu - Fogo de Chao","robots":{"index":"index","follow":"follow","max-snippet":"max-snippet:-1","max-image-preview":"max-image-preview:large","max-video-preview":"max-video-preview:-1"},"canonical":"https:\/\/fogo.com.ec\/en\/menu\/","og_locale":"en_US","og_type":"article","og_title":"Menu - Fogo de Chao","og_url":"https:\/\/fogo.com.ec\/en\/menu\/","og_site_name":"Fogo de Chao","article_modified_time":"2023-06-01T17:41:08+00:00","og_image":[{"width":1200,"height":243,"url":"https:\/\/fogo.com.ec\/wp-content\/uploads\/2023\/05\/Fogo-de-Chao-Hrz-1C-rev-1.webp","type":"image\/webp"}],"twitter_card":"summary_large_image","schema":{"@context":"https:\/\/schema.org","@graph":[{"@type":"WebPage","@id":"https:\/\/fogo.com.ec\/menu\/","url":"https:\/\/fogo.com.ec\/menu\/","name":"Menu - Fogo de Chao","isPartOf":{"@id":"https:\/\/fogo.com.ec\/#website"},"datePublished":"2017-06-21T10:33:20+00:00","dateModified":"2023-06-01T17:41:08+00:00","breadcrumb":{"@id":"https:\/\/fogo.com.ec\/menu\/#breadcrumb"},"inLanguage":"en-US","potentialAction":[{"@type":"ReadAction","target":["https:\/\/fogo.com.ec\/menu\/"]}]},{"@type":"BreadcrumbList","@id":"https:\/\/fogo.com.ec\/menu\/#breadcrumb","itemListElement":[{"@type":"ListItem","position":1,"name":"Home","item":"https:\/\/fogo.com.ec\/"},{"@type":"ListItem","position":2,"name":"Menu"}]},{"@type":"WebSite","@id":"https:\/\/fogo.com.ec\/#website","url":"https:\/\/fogo.com.ec\/","name":"Fogo de Ch\u00e3o","description":"We are chefs born into the centuries-old grilling tradition of churrasco, respecting our ingredients by cooking them slow and exposing their natural flavors.","publisher":{"@id":"https:\/\/fogo.com.ec\/#organization"},"potentialAction":[{"@type":"SearchAction","target":{"@type":"EntryPoint","urlTemplate":"https:\/\/fogo.com.ec\/?s={search_term_string}"},"query-input":{"@type":"PropertyValueSpecification","valueRequired":true,"valueName":"search_term_string"}}],"inLanguage":"en-US"},{"@type":"Organization","@id":"https:\/\/fogo.com.ec\/#organization","name":"Fogo de Ch\u00e3o","url":"https:\/\/fogo.com.ec\/","logo":{"@type":"ImageObject","inLanguage":"en-US","@id":"https:\/\/fogo.com.ec\/#\/schema\/logo\/image\/","url":"https:\/\/fogo.com.ec\/wp-content\/uploads\/2023\/05\/Fogo-de-Chao-Hrz-1C-rev-1.webp","contentUrl":"https:\/\/fogo.com.ec\/wp-content\/uploads\/2023\/05\/Fogo-de-Chao-Hrz-1C-rev-1.webp","width":1200,"height":243,"caption":"Fogo de Ch\u00e3o"},"image":{"@id":"https:\/\/fogo.com.ec\/#\/schema\/logo\/image\/"}}]}},"_links":{"self":[{"href":"https:\/\/fogo.com.ec\/en\/wp-json\/wp\/v2\/pages\/1143","targetHints":{"allow":["GET"]}}],"collection":[{"href":"https:\/\/fogo.com.ec\/en\/wp-json\/wp\/v2\/pages"}],"about":[{"href":"https:\/\/fogo.com.ec\/en\/wp-json\/wp\/v2\/types\/page"}],"author":[{"embeddable":true,"href":"https:\/\/fogo.com.ec\/en\/wp-json\/wp\/v2\/users\/1"}],"replies":[{"embeddable":true,"href":"https:\/\/fogo.com.ec\/en\/wp-json\/wp\/v2\/comments?post=1143"}],"version-history":[{"count":0,"href":"https:\/\/fogo.com.ec\/en\/wp-json\/wp\/v2\/pages\/1143\/revisions"}],"wp:attachment":[{"href":"https:\/\/fogo.com.ec\/en\/wp-json\/wp\/v2\/media?parent=1143"}],"curies":[{"name":"wp","href":"https:\/\/api.w.org\/{rel}","templated":true}]}}