{"id":2113,"date":"2025-11-17T03:10:37","date_gmt":"2025-11-17T03:10:37","guid":{"rendered":"https:\/\/fogo.com.ec\/?page_id=2113"},"modified":"2025-11-17T03:10:37","modified_gmt":"2025-11-17T03:10:37","slug":"test","status":"publish","type":"page","link":"https:\/\/fogo.com.ec\/en\/test\/","title":{"rendered":"Test"},"content":{"rendered":"<section class=\"wpb-content-wrapper\"><div class=\"vc_row wpb_row vc_row-fluid rodich-dhav-dotted\"><div class=\"roch-banner-overly-area \" style=\"background-color:rgba(0,0,0,0.3);\"><\/div><div class=\"wpb_column vc_column_container text-default vc_col-sm-12\"><div class=\"vc_column-inner \"><div class=\"wpb_wrapper\">\n\t\t\t<!-- START Slider 1 REVOLUTION SLIDER 6.6.13 --><p class=\"rs-p-wp-fix\"><\/p>\n\t\t\t<rs-module-wrap id=\"rev_slider_1_1_wrapper\" data-source=\"gallery\" style=\"visibility:hidden;background:transparent;padding:0;margin:0px auto;margin-top:0;margin-bottom:0;\">\n\t\t\t\t<rs-module id=\"rev_slider_1_1\" style=\"\" data-version=\"6.6.13\">\n\t\t\t\t\t<rs-slides style=\"overflow: hidden; position: absolute;\">\n\t\t\t\t\t\t<rs-slide style=\"position: absolute;\" data-key=\"rs-1\" data-title=\"Slide\" data-in=\"o:0;\" data-out=\"a:false;\">\n\t\t\t\t\t\t\t<img decoding=\"async\" src=\"\/\/fogo.com.ec\/wp-content\/plugins\/rev-slider\/public\/assets\/assets\/dummy.png\" alt=\"\" title=\"FogoHeaderVideo-1_1.jpeg\" width=\"1280\" height=\"720\" class=\"rev-slidebg tp-rs-img rs-lazyload\" data-lazyload=\"\/\/fododechaoedev.wpengine.com\/wp-content\/uploads\/revslider\/video-media\/FogoHeaderVideo-1_1.jpeg\" data-parallax=\"15\" data-no-retina>\n\t\t\t\t\t\t\t<rs-bgvideo \n\t\t\t\t\t\t\t\tdata-video=\"w:100%;h:100%;nse:false;l:true;ptimer:false;vfc:true;\"\n\t\t\t\t\t\t\t\tdata-mp4=\"\/\/fododechaoedev.wpengine.com\/wp-content\/uploads\/2023\/05\/FogoHeaderVideo-1.mp4\"\n\t\t\t\t\t\t\t><\/rs-bgvideo>\n<!--\n\t\t\t\t\t\t\t--><rs-layer\n\t\t\t\t\t\t\t\tid=\"slider-1-slide-1-layer-0\" \n\t\t\t\t\t\t\t\tdata-type=\"text\"\n\t\t\t\t\t\t\t\tdata-color=\"#b4a365\"\n\t\t\t\t\t\t\t\tdata-rsp_ch=\"on\"\n\t\t\t\t\t\t\t\tdata-xy=\"x:c;xo:0,0,5px,0;yo:286px,152px,162px,203px;\"\n\t\t\t\t\t\t\t\tdata-text=\"w:normal;s:43,39,59,40;l:54,50,76,51;\"\n\t\t\t\t\t\t\t\tdata-frame_999=\"o:0;st:w;\"\n\t\t\t\t\t\t\t\tstyle=\"z-index:5;font-family:\"MrsEavesXLSerOT-BoldItalic\", Arial, sans-serif;\"\n\t\t\t\t\t\t\t>Bienvenidos al futuro \n\t\t\t\t\t\t\t<\/rs-layer><!--\n\n\t\t\t\t\t\t\t--><rs-layer\n\t\t\t\t\t\t\t\tid=\"slider-1-slide-1-layer-2\" \n\t\t\t\t\t\t\t\tdata-type=\"image\"\n\t\t\t\t\t\t\t\tdata-rsp_ch=\"on\"\n\t\t\t\t\t\t\t\tdata-xy=\"x:c;xo:0,0,12px,4px;y:m;yo:0,-100px,-164px,-156px;\"\n\t\t\t\t\t\t\t\tdata-text=\"w:normal;s:20,10,7,4;l:0,13,9,6;\"\n\t\t\t\t\t\t\t\tdata-dim=\"w:656px,491px,521px,423px;h:133px,99px,106px,86px;\"\n\t\t\t\t\t\t\t\tdata-frame_999=\"o:0;st:w;\"\n\t\t\t\t\t\t\t\tstyle=\"z-index:6;\"\n\t\t\t\t\t\t\t><img decoding=\"async\" src=\"\/\/fogo.com.ec\/wp-content\/plugins\/rev-slider\/public\/assets\/assets\/dummy.png\" alt=\"\" class=\"tp-rs-img rs-lazyload\" width=\"1200\" height=\"243\" data-lazyload=\"\/\/fododechaoedev.wpengine.com\/wp-content\/uploads\/2023\/05\/Fogo-de-Chao-Hrz-1C-rev.webp\" data-no-retina> \n\t\t\t\t\t\t\t<\/rs-layer><!--\n\n\t\t\t\t\t\t\t--><a\n\t\t\t\t\t\t\t\tid=\"slider-1-slide-1-layer-3\" \n\t\t\t\t\t\t\t\tclass=\"rs-layer font-button  btn-slider-home rev-btn\"\n\t\t\t\t\t\t\t\thref=\"https:\/\/fododechaoedev.wpengine.com\/reservation\/\" target=\"_self\"\n\t\t\t\t\t\t\t\tdata-type=\"button\"\n\t\t\t\t\t\t\t\tdata-rsp_ch=\"on\"\n\t\t\t\t\t\t\t\tdata-xy=\"x:c;xo:1px,6px,11px,-1px;yo:500px,363px,412px,415px;\"\n\t\t\t\t\t\t\t\tdata-text=\"w:normal;s:31,24,28,21;l:75,60,70,53;fw:500;a:center;\"\n\t\t\t\t\t\t\t\tdata-dim=\"w:386px,240px,284px,215px;h:75px,60px,70px,53px;minh:0,none,none,none;\"\n\t\t\t\t\t\t\t\tdata-padding=\"r:47,38,45,34;l:47,38,45,34;\"\n\t\t\t\t\t\t\t\tdata-frame_999=\"o:0;st:w;\"\n\t\t\t\t\t\t\t\tstyle=\"z-index:7;background-color:#b4a365;font-family:'Roboto';\"\n\t\t\t\t\t\t\t>Reserva ahora \n\t\t\t\t\t\t\t<\/a><!--\n-->\t\t\t\t\t\t<\/rs-slide>\n\t\t\t\t\t<\/rs-slides>\n\t\t\t\t<\/rs-module>\n\t\t\t\t<script>\n\t\t\t\t\tsetREVStartSize({c: 'rev_slider_1_1',rl:[1240,1024,778,480],el:[850,768,960,960],gw:[1920,1024,778,480],gh:[850,768,960,960],type:'hero',justify:'',layout:'fullwidth',mh:\"0\"});if (window.RS_MODULES!==undefined && window.RS_MODULES.modules!==undefined && window.RS_MODULES.modules[\"revslider11\"]!==undefined) {window.RS_MODULES.modules[\"revslider11\"].once = false;window.revapi1 = undefined;if (window.RS_MODULES.checkMinimal!==undefined) window.RS_MODULES.checkMinimal()}\n\t\t\t\t<\/script>\n\t\t\t<\/rs-module-wrap>\n\t\t\t<!-- END REVOLUTION SLIDER -->\n<\/div><\/div><\/div><\/div><div id=\"homepage-section-1\" data-vc-full-width=\"true\" data-vc-full-width-init=\"false\" data-vc-stretch-content=\"true\" class=\"vc_row wpb_row vc_row-fluid rodich-dhav-dotted background-homepage-cont-2 background-homepage-responsive vc_custom_1685658008218 vc_row-has-fill vc_row-no-padding vc_row-o-equal-height vc_row-o-content-middle vc_row-flex\"><div class=\"roch-banner-overly-area \" style=\"background-color:rgba(0,0,0,0.3);\"><\/div><div class=\"background-homepage-2 bg-responsive-art wpb_column vc_column_container text-center vc_col-sm-10 vc_col-lg-6 vc_col-has-fill\"><div class=\"vc_column-inner vc_custom_1685657749876\"><div class=\"wpb_wrapper\">\n\t<div class=\"wpb_raw_code wpb_content_element wpb_raw_html height-column\" >\n\t\t<div class=\"wpb_wrapper\">\n\t\t\t<div class=\"content-wrapper\">\n<header><h2>El Arte<span class=\"italicize\"><br>de<\/span><br>Preparar Carne <sup>\u00ae<\/sup><\/h2><\/header>\n<div class=\"emblem_1 desktop\">\n<div class=\"emblem-wrapper\">\n<span><\/span><span><\/span><span class=\"on\"><\/span><span><\/span><span><\/span><span><\/span><span class=\"on\"><\/span><span><\/span><span class=\"on\"><\/span><span><\/span><span class=\"on\"><\/span><span><\/span><span class=\"on\"><\/span><span><\/span><span class=\"on\"><\/span><span><\/span><span class=\"on\"><\/span><span><\/span><span class=\"on\"><\/span><span><\/span><span><\/span><span><\/span><span class=\"on\"><\/span><span><\/span><span><\/span>\n<\/div>\n<\/div>\n<p>Somos chefs nacidos con la tradici\u00f3n de  siglos de antig\u00fcedad del churrasco, respetando nuestros ingredientes,  cocin\u00e1ndolos lentamente y explotando sus sabores naturales. <\/p>\n<p class=\"desktop\">&nbsp;<\/p>\n<div class=\"btn-group\">\n<a class=\"btn explore-menu\" href=\"https:\/\/fododechaoedev.wpengine.com\/menu\/\">Explorar Men\u00fa<i class=\"fa fa-caret-right\"><\/i><\/a>\n<\/div>\n<\/div>\n\t\t<\/div>\n\t<\/div>\n<\/div><\/div><\/div><\/div><div class=\"vc_row-full-width vc_clearfix\"><\/div><div id=\"homepage-section-2\" data-vc-full-width=\"true\" data-vc-full-width-init=\"false\" data-vc-stretch-content=\"true\" class=\"vc_row wpb_row vc_row-fluid rodich-dhav-dotted background-homepage-cont-2 vc_custom_1685543596709 vc_row-has-fill vc_row-no-padding vc_row-o-equal-height vc_row-o-content-middle vc_row-flex\"><div class=\"roch-banner-overly-area \" style=\"background-color:rgba(0,0,0,0.3);\"><\/div><div class=\"background-homepage-2 wpb_column vc_column_container text-center vc_col-sm-10 vc_col-lg-6\"><div class=\"vc_column-inner \"><div class=\"wpb_wrapper\">\n\t<div class=\"wpb_raw_code wpb_content_element wpb_raw_html market-table height-column\" >\n\t\t<div class=\"wpb_wrapper\">\n\t\t\t<div class=\"content\">\n<div class=\"content-wrapper\">\n<div class=\"box-wrapper\">\n<header>\n<h2>Market Table<\/h2>\n<h3><span>Una Experiencia Culinaria<\/span><\/h3>\n<\/header>\n\n<div class=\"emblem_1 desktop\">\n<div class=\"emblem-wrapper\">\n<span><\/span><span><\/span><span class=\"on\"><\/span><span><\/span><span><\/span><span><\/span><span class=\"on\"><\/span><span><\/span><span class=\"on\"><\/span><span><\/span><span class=\"on\"><\/span><span><\/span><span class=\"on\"><\/span><span><\/span><span class=\"on\"><\/span><span><\/span><span class=\"on\"><\/span><span><\/span><span class=\"on\"><\/span><span><\/span><span><\/span><span><\/span><span class=\"on\"><\/span><span><\/span><span><\/span>\n<\/div>\n<\/div>\n<p class=\"desktop\">Inspirada en las mesas del sur de Brasil, donde las familias  y amigos se re\u00fanen para compartir los mejores y m\u00e1s frescos vegetales de sus cosechas. Tenemos las mejores ensaladas de temporada, verduras frescas y las mejores carnes importadas, quesos, panes y m\u00e1s.<\/p>\n<div class=\"btn-group\">\n<a class=\"btn explore-menu\" href=\"https:\/\/fododechaoedev.wpengine.com\/menu\/\">Explorar Men\u00fa <i class=\"fa fa-caret-right\"><\/i><\/a>\n<\/div>\n<\/div>\n<\/div>\n<\/div>\n\t\t<\/div>\n\t<\/div>\n<\/div><\/div><\/div><\/div><div class=\"vc_row-full-width vc_clearfix\"><\/div><div id=\"homepage-section-3\" data-vc-full-width=\"true\" data-vc-full-width-init=\"false\" data-vc-stretch-content=\"true\" class=\"vc_row wpb_row vc_row-fluid rodich-dhav-dotted background-homepage-cont-2 vc_custom_1685543608858 vc_row-has-fill vc_row-no-padding vc_row-o-equal-height vc_row-o-content-middle vc_row-flex\"><div class=\"roch-banner-overly-area \" style=\"background-color:rgba(0,0,0,0.3);\"><\/div><div class=\"background-homepage-2 bg-responsive-bar wpb_column vc_column_container text-center vc_col-sm-10 vc_col-lg-6 vc_col-has-fill\"><div class=\"vc_column-inner vc_custom_1685658519277\"><div class=\"wpb_wrapper\">\n\t<div class=\"wpb_raw_code wpb_content_element wpb_raw_html height-column\" >\n\t\t<div class=\"wpb_wrapper\">\n\t\t\t<div class=\"content\">\n<div class=\"content-wrapper\">\n<div class=\"box-wrapper\">\n<header>\n<h2>BAR FOGO<\/h2>\n<h3><span>Vive Una Nueva Experiencia<\/span><\/h3>\n<\/header>\n<div class=\"emblem_1 desktop\">\n<div class=\"emblem-wrapper\">\n<span><\/span><span><\/span><span class=\"on\"><\/span><span><\/span><span><\/span><span><\/span><span class=\"on\"><\/span><span><\/span><span class=\"on\"><\/span><span><\/span><span class=\"on\"><\/span><span><\/span><span class=\"on\"><\/span><span><\/span><span class=\"on\"><\/span><span><\/span><span class=\"on\"><\/span><span><\/span><span class=\"on\"><\/span><span><\/span><span><\/span><span><\/span><span class=\"on\"><\/span><span><\/span><span><\/span>\n<\/div>\n<\/div>\n<p class=\"desktop\">Disfruta de los sabores de Brasil en una atm\u00f3sfera casual. Rel\u00e1jate con tus amigos disfrutando de nuestros cocteles artesanales y vinos cuidadosamente seleccionados, o bien compartiendo aperitivos inspirados en Brasil, con platos peque\u00f1os.<\/p>\n<div class=\"btn-group\">\n<a class=\"btn explore-menu\" href=\"https:\/\/fododechaoedev.wpengine.com\/our-story\/\">Explorar Bar Fogo <i class=\"fa fa-caret-right\"><\/i><\/a>\n<\/div>\n<\/div>\n<\/div>\n<\/div>\n\t\t<\/div>\n\t<\/div>\n<\/div><\/div><\/div><\/div><div class=\"vc_row-full-width vc_clearfix\"><\/div><div id=\"homepage-section-4\" data-vc-full-width=\"true\" data-vc-full-width-init=\"false\" data-vc-stretch-content=\"true\" class=\"vc_row wpb_row vc_row-fluid rodich-dhav-dotted background-homepage-cont-2 vc_custom_1685543621737 vc_row-has-fill vc_row-no-padding vc_row-o-equal-height vc_row-o-content-middle vc_row-flex\"><div class=\"roch-banner-overly-area \" style=\"background-color:rgba(0,0,0,0.3);\"><\/div><div class=\"wpb_column vc_column_container text-default vc_col-sm-3\"><div class=\"vc_column-inner \"><div class=\"wpb_wrapper\"><\/div><\/div><\/div><div class=\"background-homepage-2 wpb_column vc_column_container text-center vc_col-sm-6\"><div class=\"vc_column-inner \"><div class=\"wpb_wrapper\">\n\t<div class=\"wpb_raw_code wpb_content_element wpb_raw_html tradition-section height-column\" >\n\t\t<div class=\"wpb_wrapper\">\n\t\t\t<div class=\"content\">\n<div class=\"content-wrapper\">\n<header>\n<h2>La Tradici\u00f3n<\/h2>\n<img decoding=\"async\" src=\"https:\/\/fogodechao.mcm-projects.com\/wp-content\/uploads\/2023\/05\/emblem_quad.webp\" title=\"Steakhouse comida de Brasil en M\u00e9xico\" alt=\"Steakhouse comida de Brasil en M\u00e9xico\" class=\"desktop emblem_quad\">\n\n<h3><span>L<\/span>a Historia detr\u00e1s de los sabores <\/h3>\n<\/header>\n<p class=\"desktop\">La historia de Fogo de Ch\u00e3o comenz\u00f3 en las monta\u00f1as de R\u00edo Grande en el sur de Brasil. Esta es la experiencia de nuestros fundadores que aprendieron a cocinar como herencia al resto del mundo.<\/p>\n\n<div class=\"btn-group\">\n<!--\n<a class=\"btn explore-menu see-story\" href=\"https:\/\/fogodechao.com.br\/GauchoWayBR.mp4\" data-rel=\"lightcase\"><span>Video Historia <i class=\"fa fa-youtube-play\"><\/i><\/span><\/a>-->\n<a class=\"btn explore-menu\" href=\"https:\/\/fododechaoedev.wpengine.com\/our-story\/\">Explorar Historia <i class=\"fa fa-caret-right\"><\/i><\/a>\n<\/div>\n<\/div>\n<\/div>\n\t\t<\/div>\n\t<\/div>\n<\/div><\/div><\/div><div class=\"wpb_column vc_column_container text-default vc_col-sm-3\"><div class=\"vc_column-inner \"><div class=\"wpb_wrapper\"><\/div><\/div><\/div><\/div><div class=\"vc_row-full-width vc_clearfix\"><\/div>\n<\/section>","protected":false},"excerpt":{"rendered":"Bienvenidos al futuro Reserva ahora El ArtedePreparar Carne \u00ae Somos chefs nacidos con la tradici\u00f3n de siglos de antig\u00fcedad del churrasco, respetando nuestros ingredientes, cocin\u00e1ndolos lentamente y explotando sus sabores naturales. &nbsp; Explorar Men\u00fa Market Table Una Experiencia Culinaria Inspirada en las mesas del sur de Brasil, donde las familias y amigos se re\u00fanen para[...]","protected":false},"author":9,"featured_media":0,"parent":0,"menu_order":0,"comment_status":"closed","ping_status":"closed","template":"","meta":{"_acf_changed":false,"_monsterinsights_skip_tracking":false,"_monsterinsights_sitenote_active":false,"_monsterinsights_sitenote_note":"","_monsterinsights_sitenote_category":0,"footnotes":""},"class_list":["post-2113","page","type-page","status-publish","hentry"],"acf":[],"yoast_head":"<!-- This site is optimized with the Yoast SEO plugin v27.4 - https:\/\/yoast.com\/product\/yoast-seo-wordpress\/ -->\n<title>Test - Fogo de Chao<\/title>\n<meta name=\"robots\" content=\"index, follow, max-snippet:-1, max-image-preview:large, max-video-preview:-1\" \/>\n<link rel=\"canonical\" href=\"https:\/\/fogo.com.ec\/en\/test\/\" \/>\n<meta property=\"og:locale\" content=\"en_US\" \/>\n<meta property=\"og:type\" content=\"article\" \/>\n<meta property=\"og:title\" content=\"Test - Fogo de Chao\" \/>\n<meta property=\"og:url\" content=\"https:\/\/fogo.com.ec\/en\/test\/\" \/>\n<meta property=\"og:site_name\" content=\"Fogo de Chao\" \/>\n<meta property=\"og:image\" content=\"https:\/\/fogo.com.ec\/wp-content\/uploads\/2023\/05\/Fogo-de-Chao-Hrz-1C-rev-1.webp\" \/>\n\t<meta property=\"og:image:width\" content=\"1200\" \/>\n\t<meta property=\"og:image:height\" content=\"243\" \/>\n\t<meta property=\"og:image:type\" content=\"image\/webp\" \/>\n<meta name=\"twitter:card\" content=\"summary_large_image\" \/>\n<script type=\"application\/ld+json\" class=\"yoast-schema-graph\">{\"@context\":\"https:\\\/\\\/schema.org\",\"@graph\":[{\"@type\":\"WebPage\",\"@id\":\"https:\\\/\\\/fogo.com.ec\\\/test\\\/\",\"url\":\"https:\\\/\\\/fogo.com.ec\\\/test\\\/\",\"name\":\"Test - Fogo de Chao\",\"isPartOf\":{\"@id\":\"https:\\\/\\\/fogo.com.ec\\\/#website\"},\"datePublished\":\"2025-11-17T03:10:37+00:00\",\"breadcrumb\":{\"@id\":\"https:\\\/\\\/fogo.com.ec\\\/test\\\/#breadcrumb\"},\"inLanguage\":\"en-US\",\"potentialAction\":[{\"@type\":\"ReadAction\",\"target\":[\"https:\\\/\\\/fogo.com.ec\\\/test\\\/\"]}]},{\"@type\":\"BreadcrumbList\",\"@id\":\"https:\\\/\\\/fogo.com.ec\\\/test\\\/#breadcrumb\",\"itemListElement\":[{\"@type\":\"ListItem\",\"position\":1,\"name\":\"Home\",\"item\":\"https:\\\/\\\/fogo.com.ec\\\/\"},{\"@type\":\"ListItem\",\"position\":2,\"name\":\"Test\"}]},{\"@type\":\"WebSite\",\"@id\":\"https:\\\/\\\/fogo.com.ec\\\/#website\",\"url\":\"https:\\\/\\\/fogo.com.ec\\\/\",\"name\":\"Fogo de Ch\u00e3o\",\"description\":\"We are chefs born into the centuries-old grilling tradition of churrasco, respecting our ingredients by cooking them slow and exposing their natural flavors.\",\"publisher\":{\"@id\":\"https:\\\/\\\/fogo.com.ec\\\/#organization\"},\"potentialAction\":[{\"@type\":\"SearchAction\",\"target\":{\"@type\":\"EntryPoint\",\"urlTemplate\":\"https:\\\/\\\/fogo.com.ec\\\/?s={search_term_string}\"},\"query-input\":{\"@type\":\"PropertyValueSpecification\",\"valueRequired\":true,\"valueName\":\"search_term_string\"}}],\"inLanguage\":\"en-US\"},{\"@type\":\"Organization\",\"@id\":\"https:\\\/\\\/fogo.com.ec\\\/#organization\",\"name\":\"Fogo de Ch\u00e3o\",\"url\":\"https:\\\/\\\/fogo.com.ec\\\/\",\"logo\":{\"@type\":\"ImageObject\",\"inLanguage\":\"en-US\",\"@id\":\"https:\\\/\\\/fogo.com.ec\\\/#\\\/schema\\\/logo\\\/image\\\/\",\"url\":\"https:\\\/\\\/fogo.com.ec\\\/wp-content\\\/uploads\\\/2023\\\/05\\\/Fogo-de-Chao-Hrz-1C-rev-1.webp\",\"contentUrl\":\"https:\\\/\\\/fogo.com.ec\\\/wp-content\\\/uploads\\\/2023\\\/05\\\/Fogo-de-Chao-Hrz-1C-rev-1.webp\",\"width\":1200,\"height\":243,\"caption\":\"Fogo de Ch\u00e3o\"},\"image\":{\"@id\":\"https:\\\/\\\/fogo.com.ec\\\/#\\\/schema\\\/logo\\\/image\\\/\"}}]}<\/script>\n<!-- \/ Yoast SEO plugin. -->","yoast_head_json":{"title":"Test - Fogo de Chao","robots":{"index":"index","follow":"follow","max-snippet":"max-snippet:-1","max-image-preview":"max-image-preview:large","max-video-preview":"max-video-preview:-1"},"canonical":"https:\/\/fogo.com.ec\/en\/test\/","og_locale":"en_US","og_type":"article","og_title":"Test - Fogo de Chao","og_url":"https:\/\/fogo.com.ec\/en\/test\/","og_site_name":"Fogo de Chao","og_image":[{"width":1200,"height":243,"url":"https:\/\/fogo.com.ec\/wp-content\/uploads\/2023\/05\/Fogo-de-Chao-Hrz-1C-rev-1.webp","type":"image\/webp"}],"twitter_card":"summary_large_image","schema":{"@context":"https:\/\/schema.org","@graph":[{"@type":"WebPage","@id":"https:\/\/fogo.com.ec\/test\/","url":"https:\/\/fogo.com.ec\/test\/","name":"Test - Fogo de Chao","isPartOf":{"@id":"https:\/\/fogo.com.ec\/#website"},"datePublished":"2025-11-17T03:10:37+00:00","breadcrumb":{"@id":"https:\/\/fogo.com.ec\/test\/#breadcrumb"},"inLanguage":"en-US","potentialAction":[{"@type":"ReadAction","target":["https:\/\/fogo.com.ec\/test\/"]}]},{"@type":"BreadcrumbList","@id":"https:\/\/fogo.com.ec\/test\/#breadcrumb","itemListElement":[{"@type":"ListItem","position":1,"name":"Home","item":"https:\/\/fogo.com.ec\/"},{"@type":"ListItem","position":2,"name":"Test"}]},{"@type":"WebSite","@id":"https:\/\/fogo.com.ec\/#website","url":"https:\/\/fogo.com.ec\/","name":"Fogo de Ch\u00e3o","description":"We are chefs born into the centuries-old grilling tradition of churrasco, respecting our ingredients by cooking them slow and exposing their natural flavors.","publisher":{"@id":"https:\/\/fogo.com.ec\/#organization"},"potentialAction":[{"@type":"SearchAction","target":{"@type":"EntryPoint","urlTemplate":"https:\/\/fogo.com.ec\/?s={search_term_string}"},"query-input":{"@type":"PropertyValueSpecification","valueRequired":true,"valueName":"search_term_string"}}],"inLanguage":"en-US"},{"@type":"Organization","@id":"https:\/\/fogo.com.ec\/#organization","name":"Fogo de Ch\u00e3o","url":"https:\/\/fogo.com.ec\/","logo":{"@type":"ImageObject","inLanguage":"en-US","@id":"https:\/\/fogo.com.ec\/#\/schema\/logo\/image\/","url":"https:\/\/fogo.com.ec\/wp-content\/uploads\/2023\/05\/Fogo-de-Chao-Hrz-1C-rev-1.webp","contentUrl":"https:\/\/fogo.com.ec\/wp-content\/uploads\/2023\/05\/Fogo-de-Chao-Hrz-1C-rev-1.webp","width":1200,"height":243,"caption":"Fogo de Ch\u00e3o"},"image":{"@id":"https:\/\/fogo.com.ec\/#\/schema\/logo\/image\/"}}]}},"_links":{"self":[{"href":"https:\/\/fogo.com.ec\/en\/wp-json\/wp\/v2\/pages\/2113","targetHints":{"allow":["GET"]}}],"collection":[{"href":"https:\/\/fogo.com.ec\/en\/wp-json\/wp\/v2\/pages"}],"about":[{"href":"https:\/\/fogo.com.ec\/en\/wp-json\/wp\/v2\/types\/page"}],"author":[{"embeddable":true,"href":"https:\/\/fogo.com.ec\/en\/wp-json\/wp\/v2\/users\/9"}],"replies":[{"embeddable":true,"href":"https:\/\/fogo.com.ec\/en\/wp-json\/wp\/v2\/comments?post=2113"}],"version-history":[{"count":0,"href":"https:\/\/fogo.com.ec\/en\/wp-json\/wp\/v2\/pages\/2113\/revisions"}],"wp:attachment":[{"href":"https:\/\/fogo.com.ec\/en\/wp-json\/wp\/v2\/media?parent=2113"}],"curies":[{"name":"wp","href":"https:\/\/api.w.org\/{rel}","templated":true}]}}